{"id":412,"date":"2025-06-15T23:50:59","date_gmt":"2025-06-16T02:50:59","guid":{"rendered":"https:\/\/www.dfamanecer.com.py\/amanecertravels\/?page_id=412"},"modified":"2025-06-21T15:55:51","modified_gmt":"2025-06-21T18:55:51","slug":"elige-tu-aventura","status":"publish","type":"page","link":"https:\/\/www.dfamanecer.com.py\/amanecertravels\/elige-tu-aventura\/","title":{"rendered":"Elige Tu Aventura"},"content":{"rendered":"\n\n\n\n\n\n\n\n<h2>Nuestros Destinos<\/h2>\n\n<p><br><\/p>\n\n\n\n\n<p>Lorem Ipsum has been the industry&#8217;s standard dummy text ever since the 1500s.<\/p>\n\n\n<h3>Reserva YA<\/h3>\n<h2>A\u00d1O NUEVO EN CAMBORIU 2026<\/h2>\n\nLUN. 29 DICIEMBRE AL LUN. 05 ENERO\ndede Gs. 3.700.000 por persona\n\n\n\n<p>Lorem Ipsum has been the industry&#8217;s standard dummy text ever since the 1500s.<\/p>\n\n\n\n\n\n\n\n<p>Lorem Ipsum has been the industry&#8217;s standard dummy text ever since the 1500s.<\/p>\n\n\n<p>Lorem Ipsum has been the industry&#8217;s standard dummy text ever since the 1500s.<\/p>\n\n\n<p>Lorem Ipsum has been the industry&#8217;s standard dummy text ever since the 1500s.<\/p>\n\n\n<p>Lorem Ipsum has been the industry&#8217;s standard dummy text ever since the 1500s.<\/p>\n\n\n<p>Lorem Ipsum has been the industry&#8217;s standard dummy text ever since the 1500s.<\/p>\n\n\n<p>Lorem Ipsum has been the industry&#8217;s standard dummy text ever since the 1500s.<\/p>\n\n\n\n\n\n\n<h3>Rese\u00f1a<\/h3>\n<h2>Actividades top<\/h2>\n\n\nDisfrutar la experiencia culinaria de un destino en particular. Implica explorar la cultura, tradiciones e historia de un lugar a trav\u00e9s de su comida y bebida. Los turistas buscan probar platillos locales aut\u00e9nticos, aprender sobre la gastronom\u00eda regional y participar en actividades relacionadas, como clases de cocina o visitas a mercados.\nLa convergencia entre el Turismo, la Cultura y el interes creciente de los vicitantes por las experiencias culturales que brinda el sector turistico\nestarelacionado a conocer, comprender y disfrutar el conjunto de rasgos y elementos distintivos, espirituales y materiales, intelectuales y afectivos que caracterizan a una sociedad o grupo social de un destino espec\u00edfico\n<div>Viajes Cortos con el propocito de conocer Atracciones Turisticas. Estas excursiones pueden ser parte de un itinerario tur\u00edstico m\u00e1s amplio o una actividad independiente, y a menudo incluyen visitas a lugares de inter\u00e9s, actividades recreativas o experiencias culturales.<\/div><div><br><\/div>\n<div>Actividad de explorar y disfrutar de los atractivos tur\u00edsticos que ofrece el Destino. Incluye la visita a lugares de inter\u00e9s cultural, hist\u00f3rico, natural o recreativo, as\u00ed como la participaci\u00f3n en actividades tur\u00edsticas espec\u00edficas.<\/div><div><br><\/div><div><br><\/div>\n<div>Es una de las Fiestas mas grande con Shows y espectaculos con eventos que combinan tradici\u00f3n, cultura y turismo, generando un importante impacto econ\u00f3mico y social en la regi\u00f3n. El carnaval es una competencia entre clubes y carrozas de barrios, evaluados por jurados en diversas categor\u00edas.<\/div><div><br><\/div>\n\n\n\n","protected":false},"excerpt":{"rendered":"","protected":false},"author":2,"featured_media":0,"parent":0,"menu_order":0,"comment_status":"closed","ping_status":"closed","template":"","meta":{"pagelayer_contact_templates":[],"_pagelayer_content":"","footnotes":""},"class_list":["post-412","page","type-page","status-publish","hentry"],"_links":{"self":[{"href":"https:\/\/www.dfamanecer.com.py\/amanecertravels\/wp-json\/wp\/v2\/pages\/412","targetHints":{"allow":["GET"]}}],"collection":[{"href":"https:\/\/www.dfamanecer.com.py\/amanecertravels\/wp-json\/wp\/v2\/pages"}],"about":[{"href":"https:\/\/www.dfamanecer.com.py\/amanecertravels\/wp-json\/wp\/v2\/types\/page"}],"author":[{"embeddable":true,"href":"https:\/\/www.dfamanecer.com.py\/amanecertravels\/wp-json\/wp\/v2\/users\/2"}],"replies":[{"embeddable":true,"href":"https:\/\/www.dfamanecer.com.py\/amanecertravels\/wp-json\/wp\/v2\/comments?post=412"}],"version-history":[{"count":38,"href":"https:\/\/www.dfamanecer.com.py\/amanecertravels\/wp-json\/wp\/v2\/pages\/412\/revisions"}],"predecessor-version":[{"id":646,"href":"https:\/\/www.dfamanecer.com.py\/amanecertravels\/wp-json\/wp\/v2\/pages\/412\/revisions\/646"}],"wp:attachment":[{"href":"https:\/\/www.dfamanecer.com.py\/amanecertravels\/wp-json\/wp\/v2\/media?parent=412"}],"curies":[{"name":"wp","href":"https:\/\/api.w.org\/{rel}","templated":true}]}}