{"id":60,"date":"2025-05-03T14:59:31","date_gmt":"2025-05-03T17:59:31","guid":{"rendered":"https:\/\/www.dfamanecer.com.py\/amanecertravels\/about\/"},"modified":"2025-06-21T14:08:20","modified_gmt":"2025-06-21T17:08:20","slug":"about","status":"publish","type":"page","link":"https:\/\/www.dfamanecer.com.py\/amanecertravels\/about\/","title":{"rendered":"Sobre Nosotros"},"content":{"rendered":"\n<p><br><\/p>\n\n\n\n\n\n\n\n<h3>Nuestra Breve Historia<\/h3>\n<h2>sOBRE NOSOTROS<\/h2>\n\n\n\n\n\n\n\n<p style=\"text-align: justify;\"><span style=\"text-align: left;\"> Facilitar Experiencias de viajes memorables, ofreciendo asesoramiento personalizado y una amplia gama de paquetes&nbsp; tur\u00edsticos.<\/span><\/p>\n<p style=\"text-align: justify;\"><span style=\"text-align: left;\">Ser una Agencia de Viaje l\u00edder en el mercado, reconocida por su calidad, innovaci\u00f3n y compromiso con la satisfacci\u00f3n de nuestros pasajeros.<\/span><\/p>\n<ul><li><span style=\"text-align: left;\">Transparencia.<\/span><\/li><li><span style=\"text-align: left;\">Honestidad.<\/span><\/li><li><span style=\"text-align: left;\">Integridad.<\/span><\/li><li><span style=\"text-align: left;\">Respeto.<\/span><\/li><li><span style=\"text-align: left;\">Calidad.<\/span><\/li><li><span style=\"text-align: left;\">Responsabilidad Social.<\/span><\/li><\/ul>\n\n\n\n\n\n\n\n\n\n\n\n\n<p style=\"text-align: justify;\"><span style=\"text-align: left;\">As\u00ed inicia nuestra historia por el 2021 a 832mtrs. de altura dentro del territorio nacional por el Cerro 3 Kandu el punto m\u00e1s alto del Pa\u00eds, llevamos por primera vez 56 pasajeros.<\/span><\/p>\n<p style=\"text-align: justify;\"><span style=\"text-align: left;\">Llevamos m\u00e1s de 600 viajes realizados con \u00e9xito por toda nuestra tierra guaran\u00ed en primer lugar y luego con todo lanzamos paquetes internacionales por las playas de todo Brasil en estos 5 a\u00f1os de actividad.<\/span><\/p>\n<p style=\"text-align: justify;\"><span style=\"text-align: left;\">Lo m\u00e1ximo fue que en menos de un a\u00f1o llevamos a 200 personas en 4 busses a una excursi\u00f3n por la ciudad de Tobati el mismo fin de semana, uno de los eventos en particular que es un recuerdo grato de nuestros comienzos como Agencia de Viaje porque ya ten\u00edamos realizados como 70 viajes previos a este y llevados a m\u00e1s de 3000 pasajeros de excursi\u00f3n.<\/span><\/p>\n\n\n\n\n\n\n\n\n\n\n\n\n\n\n\n\n\n\n\n\n\n\n\n\n\n\n\n\n\n\n\n\n\n\n\n\n\n\n<h3>VIAJA SEGURO<\/h3>\n<h2>BussES de M\u00e1ximo Confort<\/h2>\n\nSALIDAS GARANTIZADAS\nAl Mejor Precio\n\n\n\n\n\n\n\n\n\n<h2>actividades top<\/h2>\n\n\n\n\n\n\n\n\n\n\n\n\n\n\n\n","protected":false},"excerpt":{"rendered":"","protected":false},"author":2,"featured_media":0,"parent":0,"menu_order":0,"comment_status":"closed","ping_status":"closed","template":"","meta":{"pagelayer_contact_templates":[],"_pagelayer_content":"","footnotes":""},"class_list":["post-60","page","type-page","status-publish","hentry"],"_links":{"self":[{"href":"https:\/\/www.dfamanecer.com.py\/amanecertravels\/wp-json\/wp\/v2\/pages\/60","targetHints":{"allow":["GET"]}}],"collection":[{"href":"https:\/\/www.dfamanecer.com.py\/amanecertravels\/wp-json\/wp\/v2\/pages"}],"about":[{"href":"https:\/\/www.dfamanecer.com.py\/amanecertravels\/wp-json\/wp\/v2\/types\/page"}],"author":[{"embeddable":true,"href":"https:\/\/www.dfamanecer.com.py\/amanecertravels\/wp-json\/wp\/v2\/users\/2"}],"replies":[{"embeddable":true,"href":"https:\/\/www.dfamanecer.com.py\/amanecertravels\/wp-json\/wp\/v2\/comments?post=60"}],"version-history":[{"count":24,"href":"https:\/\/www.dfamanecer.com.py\/amanecertravels\/wp-json\/wp\/v2\/pages\/60\/revisions"}],"predecessor-version":[{"id":631,"href":"https:\/\/www.dfamanecer.com.py\/amanecertravels\/wp-json\/wp\/v2\/pages\/60\/revisions\/631"}],"wp:attachment":[{"href":"https:\/\/www.dfamanecer.com.py\/amanecertravels\/wp-json\/wp\/v2\/media?parent=60"}],"curies":[{"name":"wp","href":"https:\/\/api.w.org\/{rel}","templated":true}]}}