{"id":61,"date":"2025-05-03T14:59:31","date_gmt":"2025-05-03T17:59:31","guid":{"rendered":"https:\/\/www.dfamanecer.com.py\/amanecertravels\/home\/"},"modified":"2025-11-24T16:47:04","modified_gmt":"2025-11-24T19:47:04","slug":"home","status":"publish","type":"page","link":"https:\/\/www.dfamanecer.com.py\/amanecertravels\/","title":{"rendered":"Home"},"content":{"rendered":"\n\n\n\n<p><br><\/p>\n<p><br><\/p>\n<p><br><\/p>\n<p><\/p>\n<h1>AMANECER<\/h1>\n<h1>TRAVELS<\/h1>\n<h1>AGENCY<\/h1>\n<h6><br><\/h6>\n\n\n\n\n\nViaja porque el mundo es grande y la vida corta\n\n\n\n\n\n\n\n\n\n\n\n\n\n\n\n\n\n\n\n\n\n\n\nPaquetes Est\u00e1ndar y All Inclusive, con excursiones guiadas, din\u00e1micas, obsequios y sorteos.<div>Todo lo que necesitas en un solo lugar.<\/div>\n\n\nContamos con Paquetes Pre-Dise\u00f1ados con Fechas Pre-Establecidas y tambi\u00e9n lo podemos personalizar y\/o adaptamos a tu presupuesto en tiempo y forma.\n\n\n\u00a1CLARO QUE S\u00ed! Puedes reservar tu viaje con nosotros y pagar con tu Tarjeta de Cr\u00e9dito y QR en c\u00f3modas cuotas a tu banco favorito. Muchos bancos ofrecen opciones de financiaci\u00f3n para viajes, como cuotas sin inter\u00e9s o planes de pago flexibles.\n\n\nVIAJES DE A\u00d1O NUEVO recibe el a\u00f1o nuevo con una experiencia memorable en la playa lleno de luces artificiales.\n<BR>\nTambi\u00e9n ponemos a tu disposici\u00f3n una variedad de tours y viajes de verano en Buss de M\u00e1ximo Confort.\n\n\n\n\n\n\n\n<p>Lorem Ipsum has been the industry&#8217;s standard dummy text ever since the 1500s.<\/p>\n\n\n\n<h3>VIAJA SEGURO<\/h3>\n<h2>BussES de M\u00e1ximo Confort<\/h2>\n\nSALIDAS GARANTIZADAS\nAl Mejor Precio\n\n\n\n\n<p>Lorem Ipsum has been the industry&#8217;s standard dummy text ever since the 1500s.<\/p>\n\n\n\n\n\n\n<p>Lorem Ipsum has been the industry&#8217;s standard dummy text ever since the 1500s.<\/p>\n\n\n\n<h3>RESERVA A TIEMPO<\/h3>\n<h2>A\u00d1O NUEVO EN CAMBORIU 2026<\/h2>\n\nLUN. 29 DICIEMBRE AL LUN. 05 ENERO\ndesde Gs. 3.700.000 por persona\n\n\n\n\n<p>Lorem Ipsum has been the industry&#8217;s standard dummy text ever since the 1500s.<\/p>\n\n\n\n\n\n\n<p>VIAJES DISPONIBLES<\/p>\n\n\n\n<p style=\"text-align: left;\"><span style=\"color: rgb(255, 255, 255);\">\n\nRECIBE el A\u00f1o Nuevo 2026 de una manera Diferente y Extraordinaria &#8211; Que mejor que sea a Orillas del Mar, la Luna, las Estrellas, con el firmamento de testigos y con una lluvia de luces perfecta \u2728\ufe0f\ud83d\udc95\nQue disfrutes de experiencias inolvidables y puedas brindarte recuerdos memorables porque simplemente te lo mereces. Porque no hay mejor raz\u00f3n para darte un obsequio que sea por amor propio. FELIZ A\u00d1O NUEVO \u263a\ufe0f\ud83d\ude18\u2764\ufe0f\n\n\n<!--\n<\/span><\/p><span style=\"color: rgb(255, 255, 255);\"><br><\/span><p style=\"text-align: center;\"><span style=\"color: rgb(255, 255, 255);\">Deanna Russell<\/span><\/p> --><\/span><\/p>\n\n\n<p style=\"text-align: left;\"><span style=\"color: rgb(255, 255, 255);\">RECIBE el A\u00f1o Nuevo 2026 de una\n manera Diferente y Extraordinaria &#8211; Que mejor que sea a Orillas del \nMar, la Luna, las Estrellas, con el firmamento de testigos y con una \nlluvia de luces perfecta \u2728\ufe0f\ud83d\udc95\nQue disfrutes de experiencias inolvidables y puedas brindarte recuerdos \nmemorables porque simplemente te lo mereces. Porque no hay mejor raz\u00f3n \npara darte un obsequio que sea por amor propio. FELIZ A\u00d1O NUEVO \u263a\ufe0f\ud83d\ude18\u2764\ufe0f\n\n\n<\/span><br><\/p>\n\n\n<p style=\"text-align: left;\"><span style=\"color: rgb(255, 255, 255);\">.<\/span><span style=\"color: rgb(255, 255, 255);\">RECIBE el A\u00f1o Nuevo 2026 de una\n manera Diferente y Extraordinaria &#8211; Que mejor que sea a Orillas del \nMar, la Luna, las Estrellas, con el firmamento de testigos y con una \nlluvia de luces perfecta \u2728\ufe0f\ud83d\udc95\nQue disfrutes de experiencias inolvidables y puedas brindarte recuerdos \nmemorables porque simplemente te lo mereces. Porque no hay mejor raz\u00f3n \npara darte un obsequio que sea por amor propio. FELIZ A\u00d1O NUEVO \u263a\ufe0f\ud83d\ude18\u2764\ufe0f\n\n\n<\/span><span style=\"color: rgb(255, 255, 255);\"><!--\n<\/span><\/p><span style=\"color: rgb(255, 255, 255);\"><br><\/span><p style=\"text-align: center;\"><span style=\"color: rgb(255, 255, 255);\">Deanna Russell<\/span><\/p> --><\/span><\/p>\n\n\n\n\n\n\n\n\n<br><br><br>\n<p style=\"font-size: 25px;  letter-spacing: 7px;\"><span style=\"color: rgb(238, 236, 225);\"><\/span><\/p>\n<p style=\"font-size: 22px; letter-spacing: 7px;\"><span style=\"color: rgb(238, 236, 225);\"><\/span><\/p>\n\n\n\n\n\n\n\n\n\n\n\n\n\n\n\n\n\n\n\n\n\n\n\n\n\n\n\n\n\n\n\n<h3>Mejores Destinos de Viaje<\/h3>\n<h2>top destinos<\/h2>\n\n\n\n<p>PRAIA CENTRAL, SANTA CATARINA <br>\nBalneario Cambori\u00fa ofrece una amplia variedad de atracciones, desde playas paradis\u00edacas hasta emocionantes actividades y atracciones tur\u00edsticas. Puedes disfrutar de la playa Central, explorar el Parque Unipraias, experimentar la vida nocturna, pasear en barco, visitar el Cristo Luz y saborear la gastronom\u00eda local. \n<\/p>\n\n\n<p>BETO CARRERO WORLD <br>\n es un parque de diversiones muy grande y atractivo en Brasil, con una gran variedad de atracciones, espect\u00e1culos y actividades para toda la familia. Ofrece desde monta\u00f1as rusas y atracciones de adrenalina hasta \u00e1reas tem\u00e1ticas, un zool\u00f3gico y espect\u00e1culos en vivo\n<\/p>\n\n\n<p>PRAIA JOAQUINA, SANTA CATARINA\n<br>\nFlorian\u00f3polis cuenta con m\u00e1s de 40 playas, cada una con un encanto \u00fanico. Algunas de las m\u00e1s populares incluyen Playa Joaquina, famosa por sus olas para surfear, Playa Campeche, con arena blanca y agua turquesa, y Playa Brava, un destino popular para surfistas. \n <\/p>\n\n\n<p>PRAIA CANASVIEIRAS, SANTA CATARINA <br>\nfrece varias atracciones, incluyendo su playa con aguas c\u00e1lidas y tranquilas, ideal para familias con ni\u00f1os, y un centro comercial con una amplia variedad de tiendas y restaurantes. Adem\u00e1s, puedes disfrutar de actividades como deportes acu\u00e1ticos y paseos en barco. \n<\/p>\n\n\n\n\n<p>Una de las Cataratas mas grandes del mundo, con hermosos senderos y exuberante naturaleza, considerada una de las 7 maravillas del mundo. El parque cuenta con actividades de EcoAventura como el rafting, varios senderos autoguiados, paseos panor\u00e1micos.<\/p>\n\n\n<p>Este Parque es una de los mas grandes de Am\u00e9rica Latina, ofrece diversas atracciones acu\u00e1ticas como piscinas termales, piscina de olas y un rio lento. Incluye toboganes y \u00e1reas infantiles <\/p>\n\n\n<p>\nPara\u00edso para quienes practican actividades de aventura y ecoturismo, Bonito re\u00fane una diversidad de atractivos naturales como r\u00edos de aguas cristalinas, rica vida silvestre, cuevas, dolinas, cascadas y otros elementos que forman escenarios exuberantes y \u00fanicos.\n<\/p>\n\n\n<p>\nEs una Quebrada de Purmamarca, un pintoresco ca\u00f1on flanqueado por imponentes acantilados multicolores.\n<br>\nSe recomienda realizar una corta caminata desde el pueblo.\n<\/p>\n\n\n\n\n\n\n<h3>Elige Tu Aventura<\/h3>\n<h2>travel tip<\/h2>\n\n\n\n\n\n<p>Prep\u00e1rate con anticipaci\u00f3n, aseg\u00farate de tener todos los documentos necesarios, incluyendo pasaporte y visas, y crea copias digitales por si los pierdes. Contrata un seguro de viaje con la Agencia y consulta a tu m\u00e9dico sobre vacunas y medicamentos.<\/p>\n\n\n\n\n\n<p>Lorem Ipsum has been the industry&#8217;s standard dummy text ever since the 1500s.<\/p>\n\n\n\n\n\n\n\n\n\n\n\n\n\nAlojamiento  de su elecci\u00f3n, que va desde posadas hasta hoteles de 5 estrellas\n\n\nBuss de M\u00e1ximo Confort y\/o Transfer dependiendo del tipo de Viaje.\n\n\nActividades de EcoAventura y mas.\n\n\n\n\n<h3>PAQUETES IMPERDIBLES <\/h3>\n<h2>nuestros servicios<\/h2>\n\n\n\n<p>\nTraslados a Lugares Tur\u00edsticos con Gu\u00eda.\n<br>\nTraslados a Eventos Especiales incluidos.\n<\/p>\n\n\n<p>Conciertos, Fiestas Estudiantiles, Torneos de Futbolt, Competencias, Capacitaciones, etc. <\/p>\n\n\n<p>Puedes Solicitar Cotizaci\u00f3n completando el formulario \u00abArma Tu Destino\u00bb. <\/p>\n\n\n<p>Habitaciones Single, Double, Triple, Cu\u00e1druple, etc. <\/p>\n\n\n\n\n\n\n\n<p>Lorem Ipsum has been the industry&#8217;s standard dummy text ever since the 1500s.<\/p>\n\n\n\n\n<p>Lorem Ipsum has been the industry&#8217;s standard dummy text ever since the 1500s.<\/p>\n\n\n\n<h3>Viajar es el \u00danico gasto que te Hace m\u00e1s Rico<\/h3>\n<p [object NamedNodeMap]>VIAJA porque el Mundo es Grande y la Vida Corta &#8211; Que mejor que sea a Orillas del Mar, el Sol, la Luna, las Estrellas, con el firmamento de testigos y con la mejor compa\u00f1\u00eda que elijas \u2728\ufe0f\ud83d\udc95.<\/p>\n<p [object NamedNodeMap]>Que disfrutes de experiencias inolvidables y puedas brindarte recuerdos memorables porque simplemente Te lo Mereces. Porque no hay mejor raz\u00f3n para darte un Obsequio que sea por amor propio. HAZ LO QUE TE HAGA FELIZ \u263a\ufe0f\ud83d\ude18\u2764\ufe0f.<\/p>\n\n\n\n\n<h3>Nuestra Historia Destacada <\/h3>\n<h2>UN POCO SOBRE NOSOTROS<\/h2>\n\n\n\n\n<p>Lorem Ipsum has been the industry&#8217;s standard dummy text ever since the 1500s.<\/p>\n\n\n\n<p [object=\"\" namednodemap]=\"\">As\u00ed inicia nuestra historia por el 2021 a 832mtrs. de altura dentro del territorio nacional por el Cerro 3 Kandu el punto m\u00e1s alto del Pa\u00eds, llevamos por primera vez 56 pasajeros.<\/p>\n<p [object=\"\" namednodemap]=\"\">Llevamos m\u00e1s de 600 viajes realizados con \u00e9xito por toda nuestra tierra guaran\u00ed en primer lugar y luego con todo lanzamos paquetes internacionales por las playas de todo Brasil en estos 5 a\u00f1os de actividad.<\/p>\n<p style=\"text-align: justify;\"><span style=\"text-align: left;\">Lo m\u00e1ximo fue que en menos de un a\u00f1o llevamos a 200 personas en 4 busses a una excursi\u00f3n por la ciudad de Tobati el mismo fin de semana, uno de los eventos en particular que es un recuerdo grato de nuestros comienzos como Agencia de Viaje porque ya ten\u00edamos realizados como 70 viajes previos a este y llevados a m\u00e1s de 3000 pasajeros de excursi\u00f3n.<\/span><\/p>\n\n\n\n<p>Lorem Ipsum has been the industry&#8217;s standard dummy text ever since the 1500s.<\/p>\n\n\n\n\n\n\n\n<h2>staff<\/h2>\n\n<p [object NamedNodeMap]><span style=\"color: rgb(238, 236, 225);\">\nAgentes de Viajes Calificados\n<br>\nAceptamos Pasantes de Hoteleria y Turismo. \n<br>\nTRABAJA CON NOSOTROS\n<\/span><\/p>\n\n\n\n\n\n\n\n<p>Log\u00edstica, Agente de Viajes y Gu\u00eda Tur\u00edstica de la Agencia<\/p>\n\n\n<p>Agente de Viajes y Fot\u00f3grafo<\/p>\n\n\n<p>Agente de Viajes y Gu\u00eda Tur\u00edstica.<\/p>\n\n\n<p>Agente de Viajes y Gu\u00eda Tur\u00edstica.<\/p>\n\n\n\n\n\n\n\n\nAgenda tu siguiente viaje con nosotros.\n\n<p style=\"text-align: center; \"><span style=\"color: rgb(255, 255, 255);\">\n\u201cNo viajamos para escapar de la vida, viajamos para que la vida no se nos escape\u201d\n<br><br>\n\u201cSi algo bueno te pasa, viaja para celebrar. Si algo malo te pasa, viaja para olvidar. Si nada te pasa, viaja para que algo pase\u201d.\n<br><br>\n\u00abCaminante no hay camino, se hace camino al andar\u00bb.\n\u00a0<\/span><\/p>\n\n\n\n\n\n\n\n\n\n\n\n\n\n\n\n\n\n\n\n<p>\n<style>\n    .container {\n      display: flex;\n      gap: 10px; \/* Espacio entre columnas *\/\n    }\n    .column {\n      flex: 1; \/* Todas las columnas tendr\u00e1n el mismo ancho *\/\n      padding: 10px;\n      background-color: #f0f0f0;\n      border: 1px solid #ccc;\n      text-align: center;\n    }\n  <\/style>\n\n  <div class=\"container\">\n    <div class=\"column\">\n<center>\n<blockquote class=\"instagram-media\" data-instgrm-captioned data-instgrm-permalink=\"https:\/\/www.instagram.com\/p\/Ca-wjM_LXcq\/?utm_source=ig_embed&amp;utm_campaign=loading\" data-instgrm-version=\"14\" style=\" background:#FFF; border:0; border-radius:3px; box-shadow:0 0 1px 0 rgba(0,0,0,0.5),0 1px 10px 0 rgba(0,0,0,0.15); margin: 1px; max-width:540px; min-width:326px; padding:0; width:99.375%; width:-webkit-calc(100% - 2px); width:calc(100% - 2px);\"><div style=\"padding:16px;\"> <a href=\"https:\/\/www.instagram.com\/p\/Ca-wjM_LXcq\/?utm_source=ig_embed&amp;utm_campaign=loading\" style=\" background:#FFFFFF; line-height:0; padding:0 0; text-align:center; text-decoration:none; width:100%;\" target=\"_blank\"> <div style=\" display: flex; flex-direction: row; align-items: center;\"> <div style=\"background-color: #F4F4F4; border-radius: 50%; flex-grow: 0; height: 40px; margin-right: 14px; width: 40px;\"><\/div> <div style=\"display: flex; flex-direction: column; flex-grow: 1; justify-content: center;\"> <div style=\" background-color: #F4F4F4; border-radius: 4px; flex-grow: 0; height: 14px; margin-bottom: 6px; width: 100px;\"><\/div> <div style=\" background-color: #F4F4F4; border-radius: 4px; flex-grow: 0; height: 14px; width: 60px;\"><\/div><\/div><\/div><div style=\"padding: 19% 0;\"><\/div> <div style=\"display:block; height:50px; margin:0 auto 12px; width:50px;\"><svg width=\"50px\" height=\"50px\" viewBox=\"0 0 60 60\" version=\"1.1\" xmlns=\"https:\/\/www.w3.org\/2000\/svg\" xmlns:xlink=\"https:\/\/www.w3.org\/1999\/xlink\"><g stroke=\"none\" stroke-width=\"1\" fill=\"none\" fill-rule=\"evenodd\"><g transform=\"translate(-511.000000, -20.000000)\" fill=\"#000000\"><g><path d=\"M556.869,30.41 C554.814,30.41 553.148,32.076 553.148,34.131 C553.148,36.186 554.814,37.852 556.869,37.852 C558.924,37.852 560.59,36.186 560.59,34.131 C560.59,32.076 558.924,30.41 556.869,30.41 M541,60.657 C535.114,60.657 530.342,55.887 530.342,50 C530.342,44.114 535.114,39.342 541,39.342 C546.887,39.342 551.658,44.114 551.658,50 C551.658,55.887 546.887,60.657 541,60.657 M541,33.886 C532.1,33.886 524.886,41.1 524.886,50 C524.886,58.899 532.1,66.113 541,66.113 C549.9,66.113 557.115,58.899 557.115,50 C557.115,41.1 549.9,33.886 541,33.886 M565.378,62.101 C565.244,65.022 564.756,66.606 564.346,67.663 C563.803,69.06 563.154,70.057 562.106,71.106 C561.058,72.155 560.06,72.803 558.662,73.347 C557.607,73.757 556.021,74.244 553.102,74.378 C549.944,74.521 548.997,74.552 541,74.552 C533.003,74.552 532.056,74.521 528.898,74.378 C525.979,74.244 524.393,73.757 523.338,73.347 C521.94,72.803 520.942,72.155 519.894,71.106 C518.846,70.057 518.197,69.06 517.654,67.663 C517.244,66.606 516.755,65.022 516.623,62.101 C516.479,58.943 516.448,57.996 516.448,50 C516.448,42.003 516.479,41.056 516.623,37.899 C516.755,34.978 517.244,33.391 517.654,32.338 C518.197,30.938 518.846,29.942 519.894,28.894 C520.942,27.846 521.94,27.196 523.338,26.654 C524.393,26.244 525.979,25.756 528.898,25.623 C532.057,25.479 533.004,25.448 541,25.448 C548.997,25.448 549.943,25.479 553.102,25.623 C556.021,25.756 557.607,26.244 558.662,26.654 C560.06,27.196 561.058,27.846 562.106,28.894 C563.154,29.942 563.803,30.938 564.346,32.338 C564.756,33.391 565.244,34.978 565.378,37.899 C565.522,41.056 565.552,42.003 565.552,50 C565.552,57.996 565.522,58.943 565.378,62.101 M570.82,37.631 C570.674,34.438 570.167,32.258 569.425,30.349 C568.659,28.377 567.633,26.702 565.965,25.035 C564.297,23.368 562.623,22.342 560.652,21.575 C558.743,20.834 556.562,20.326 553.369,20.18 C550.169,20.033 549.148,20 541,20 C532.853,20 531.831,20.033 528.631,20.18 C525.438,20.326 523.257,20.834 521.349,21.575 C519.376,22.342 517.703,23.368 516.035,25.035 C514.368,26.702 513.342,28.377 512.574,30.349 C511.834,32.258 511.326,34.438 511.181,37.631 C511.035,40.831 511,41.851 511,50 C511,58.147 511.035,59.17 511.181,62.369 C511.326,65.562 511.834,67.743 512.574,69.651 C513.342,71.625 514.368,73.296 516.035,74.965 C517.703,76.634 519.376,77.658 521.349,78.425 C523.257,79.167 525.438,79.673 528.631,79.82 C531.831,79.965 532.853,80.001 541,80.001 C549.148,80.001 550.169,79.965 553.369,79.82 C556.562,79.673 558.743,79.167 560.652,78.425 C562.623,77.658 564.297,76.634 565.965,74.965 C567.633,73.296 568.659,71.625 569.425,69.651 C570.167,67.743 570.674,65.562 570.82,62.369 C570.966,59.17 571,58.147 571,50 C571,41.851 570.966,40.831 570.82,37.631\"><\/path><\/g><\/g><\/g><\/svg><\/div><div style=\"padding-top: 8px;\"> <div style=\" color:#3897f0; font-family:Arial,sans-serif; font-size:14px; font-style:normal; font-weight:550; line-height:18px;\">Ver esta publicaci\u00f3n en Instagram<\/div><\/div><div style=\"padding: 12.5% 0;\"><\/div> <div style=\"display: flex; flex-direction: row; margin-bottom: 14px; align-items: center;\"><div> <div style=\"background-color: #F4F4F4; border-radius: 50%; height: 12.5px; width: 12.5px; transform: translateX(0px) translateY(7px);\"><\/div> <div style=\"background-color: #F4F4F4; height: 12.5px; transform: rotate(-45deg) translateX(3px) translateY(1px); width: 12.5px; flex-grow: 0; margin-right: 14px; margin-left: 2px;\"><\/div> <div style=\"background-color: #F4F4F4; border-radius: 50%; height: 12.5px; width: 12.5px; transform: translateX(9px) translateY(-18px);\"><\/div><\/div><div style=\"margin-left: 8px;\"> <div style=\" background-color: #F4F4F4; border-radius: 50%; flex-grow: 0; height: 20px; width: 20px;\"><\/div> <div style=\" width: 0; height: 0; border-top: 2px solid transparent; border-left: 6px solid #f4f4f4; border-bottom: 2px solid transparent; transform: translateX(16px) translateY(-4px) rotate(30deg)\"><\/div><\/div><div style=\"margin-left: auto;\"> <div style=\" width: 0px; border-top: 8px solid #F4F4F4; border-right: 8px solid transparent; transform: translateY(16px);\"><\/div> <div style=\" background-color: #F4F4F4; flex-grow: 0; height: 12px; width: 16px; transform: translateY(-4px);\"><\/div> <div style=\" width: 0; height: 0; border-top: 8px solid #F4F4F4; border-left: 8px solid transparent; transform: translateY(-4px) translateX(8px);\"><\/div><\/div><\/div> <div style=\"display: flex; flex-direction: column; flex-grow: 1; justify-content: center; margin-bottom: 24px;\"> <div style=\" background-color: #F4F4F4; border-radius: 4px; flex-grow: 0; height: 14px; margin-bottom: 6px; width: 224px;\"><\/div> <div style=\" background-color: #F4F4F4; border-radius: 4px; flex-grow: 0; height: 14px; width: 144px;\"><\/div><\/div><\/a><p style=\" color:#c9c8cd; font-family:Arial,sans-serif; font-size:14px; line-height:17px; margin-bottom:0; margin-top:8px; overflow:hidden; padding:8px 0 7px; text-align:center; text-overflow:ellipsis; white-space:nowrap;\"><a href=\"https:\/\/www.instagram.com\/p\/Ca-wjM_LXcq\/?utm_source=ig_embed&amp;utm_campaign=loading\" style=\" color:#c9c8cd; font-family:Arial,sans-serif; font-size:14px; font-style:normal; font-weight:normal; line-height:17px; text-decoration:none;\" target=\"_blank\">Una publicaci\u00f3n compartida por Amanecer Travels Agency (@amanecertravelspy)<\/a><\/p><\/div><\/blockquote>\n<script async src=\"\/\/www.instagram.com\/embed.js\"><\/script>\n<\/center>\n<\/div>\n   \n\n\n\n\n\n\n<!--\n<div class=\"column\">\n\n\n<\/div>\n-->\n  <\/div>\n\n<\/p>\n<p>\n<style>\n    .container {\n      display: flex;\n      gap: 10px; \/* Espacio entre columnas *\/\n    }\n    .column {\n      flex: 1; \/* Todas las columnas tendr\u00e1n el mismo ancho *\/\n      padding: 10px;\n      background-color: #f0f0f0;\n      border: 1px solid #ccc;\n      text-align: center;\n    }\n  <\/style>\n\n  <div class=\"container\">\n    <div class=\"column\">\n\n<div id=\"fb-root\"><\/div>\n\n<!-- <iframe loading=\"lazy\" width=\"290\" height=\"315\" src=\"https:\/\/www.youtube.com\/embed\/5lnPS7lqNhg?si=1JGhsKCjjMBkrh62\" title=\"YouTube video player\" frameborder=\"0\" allow=\"accelerometer; autoplay; clipboard-write; encrypted-media; gyroscope; picture-in-picture; web-share\" referrerpolicy=\"strict-origin-when-cross-origin\" allowfullscreen><\/iframe>\n-->\n\n<div id=\"fb-root\"><\/div>\n<script async defer crossorigin=\"anonymous\" src=\"https:\/\/connect.facebook.net\/es_LA\/sdk.js#xfbml=1&#038;version=v23.0\"><\/script>\n\n<div class=\"fb-post\" data-href=\"https:\/\/www.facebook.com\/photo\/?fbid=1016488367330625&amp;set=a.380324204280381\" data-width=\"300\" data-show-text=\"true\"><blockquote cite=\"https:\/\/www.facebook.com\/photo.php?fbid=1016488367330625&amp;set=a.380324204280381&amp;type=3\" class=\"fb-xfbml-parse-ignore\">Publicado por <a href=\"https:\/\/www.facebook.com\/amanecertravelspy\">Amanecer Travels Agency<\/a> en&nbsp;<a href=\"https:\/\/www.facebook.com\/photo.php?fbid=1016488367330625&amp;set=a.380324204280381&amp;type=3\">Viernes, 13 de junio de 2025<\/a><\/blockquote><\/div>\n\n<\/div>\n   \n\n\n\n\n\n\n<!--\n<div class=\"column\">\n\n\n<\/div>\n-->\n  <\/div>\n\n<\/p>\n<p>\n\n<style>\n    .container {\n      display: flex;\n      gap: 10px; \/* Espacio entre columnas *\/\n    }\n    .column {\n      flex: 1; \/* Todas las columnas tendr\u00e1n el mismo ancho *\/\n      padding: 10px;\n      background-color: #f0f0f0;\n      border: 1px solid #ccc;\n      text-align: center;\n    }\n  <\/style>\n\n  <div class=\"container\">\n    <div class=\"column\">\n\n<div id=\"fb-root\">Click en la Imagen para mas Detalles<\/div>\n\n<a href=\"https:\/\/www.flipbookpdf.net\/web\/site\/5040a2798c3ec72593b9da5a423d6e415160c2f9202506.pdf.html\"><img decoding=\"async\" src=\"https:\/\/www.flipbookpdf.net\/web\/files\/flipbooks\/5040a2798c3ec72593b9da5a423d6e415160c2f9202506.pdf\/1.jpg\" width=\"300px\"><\/a>\n<\/div>\n   \n\n\n\n\n\n\n<!--\n<div class=\"column\">\n\n\n<\/div>\n-->\n  <\/div>\n\n<\/p>\n\n\n","protected":false},"excerpt":{"rendered":"","protected":false},"author":2,"featured_media":0,"parent":0,"menu_order":0,"comment_status":"closed","ping_status":"closed","template":"","meta":{"pagelayer_contact_templates":[],"_pagelayer_content":"","footnotes":""},"class_list":["post-61","page","type-page","status-publish","hentry"],"_links":{"self":[{"href":"https:\/\/www.dfamanecer.com.py\/amanecertravels\/wp-json\/wp\/v2\/pages\/61","targetHints":{"allow":["GET"]}}],"collection":[{"href":"https:\/\/www.dfamanecer.com.py\/amanecertravels\/wp-json\/wp\/v2\/pages"}],"about":[{"href":"https:\/\/www.dfamanecer.com.py\/amanecertravels\/wp-json\/wp\/v2\/types\/page"}],"author":[{"embeddable":true,"href":"https:\/\/www.dfamanecer.com.py\/amanecertravels\/wp-json\/wp\/v2\/users\/2"}],"replies":[{"embeddable":true,"href":"https:\/\/www.dfamanecer.com.py\/amanecertravels\/wp-json\/wp\/v2\/comments?post=61"}],"version-history":[{"count":283,"href":"https:\/\/www.dfamanecer.com.py\/amanecertravels\/wp-json\/wp\/v2\/pages\/61\/revisions"}],"predecessor-version":[{"id":655,"href":"https:\/\/www.dfamanecer.com.py\/amanecertravels\/wp-json\/wp\/v2\/pages\/61\/revisions\/655"}],"wp:attachment":[{"href":"https:\/\/www.dfamanecer.com.py\/amanecertravels\/wp-json\/wp\/v2\/media?parent=61"}],"curies":[{"name":"wp","href":"https:\/\/api.w.org\/{rel}","templated":true}]}}